{"id":7,"date":"2017-02-06T15:54:36","date_gmt":"2017-02-06T15:54:36","guid":{"rendered":"http:\/\/bremicke.cyon.link\/?page_id=7"},"modified":"2021-01-22T17:42:44","modified_gmt":"2021-01-22T17:42:44","slug":"uber-peter-bremicker","status":"publish","type":"page","link":"https:\/\/blog.peterbremicker.com\/index.php\/uber-peter-bremicker\/","title":{"rendered":"\u00dcber den Autor"},"content":{"rendered":"<div class=\"kvgmc6g5 cxmmr5t8 oygrvhab hcukyx3x c1et5uql ii04i59q\">\n<div dir=\"auto\">EIN GANZER WERDEN &#8211; das wird einem in der Regel nicht in die Wiege gelegt. In der Auseinandersetzung mit sich selbst, dem Gegen\u00fcber und dem Leben entfaltet sich mein Sein.<\/div>\n<div dir=\"auto\"><\/div>\n<\/div>\n<div class=\"o9v6fnle cxmmr5t8 oygrvhab hcukyx3x c1et5uql ii04i59q\">\n<div dir=\"auto\">Heute leite ich ein Beratungsinstitut, unter anderem f\u00fcr existenzielle Lebensfragen, Traumasensible Beratung, Paartherapie, Selbstwirksamkeit und Ich-Entwicklung und bilde BeraterInnen und TransaktionsanalytikerInnen aus.<\/div>\n<div dir=\"auto\"><\/div>\n<\/div>\n<div class=\"o9v6fnle cxmmr5t8 oygrvhab hcukyx3x c1et5uql ii04i59q\">\n<div dir=\"auto\">Der Weg zu mir, gleicht einer langen Reise. Heute befindet sich mein Lebensmittelpunkt in einem Elbvorort von Hamburg nachdem ich vor zweieinhalb Jahren an den Landungsbr\u00fccken gestrandet bin.<\/div>\n<div dir=\"auto\"><\/div>\n<\/div>\n<div class=\"o9v6fnle cxmmr5t8 oygrvhab hcukyx3x c1et5uql ii04i59q\">\n<div dir=\"auto\">In Hamburg und in der Trinationalen Metropolregion am Oberrhein- L\u00f6rrach\/Basel\/ Mulhouse biete ich Gespr\u00e4che, Beratung und Coaching in der pers\u00f6nlichen und digitalen Begegnung an.<\/div>\n<div dir=\"auto\"><\/div>\n<\/div>\n<div class=\"o9v6fnle cxmmr5t8 oygrvhab hcukyx3x c1et5uql ii04i59q\">\n<div dir=\"auto\">Wesentliches f\u00fcr mein Sein und Werden und meine Arbeit mit Menschen habe ich unter anderem in der Begegnung, Beziehung und Auseinandersetzung mit anderen Menschen gelernt.<\/div>\n<div dir=\"auto\"><\/div>\n<\/div>\n<div class=\"o9v6fnle cxmmr5t8 oygrvhab hcukyx3x c1et5uql ii04i59q\">\n<div dir=\"auto\">Dazu geh\u00f6ren vor allem meine Kinder, die Partnerin mit der ich heute viel sch\u00f6nes Leben teile und langj\u00e4hrige Freunde die mich auf der Reise begleitet haben. Ebenso habe ich von Menschen gelernt, die mich ausbildeten und lehrten.<\/div>\n<div dir=\"auto\"><\/div>\n<\/div>\n<div class=\"o9v6fnle cxmmr5t8 oygrvhab hcukyx3x c1et5uql ii04i59q\">\n<div dir=\"auto\">Dazu z\u00e4hlen unter anderem Dozenten an der Theologischen Hochschule Ewersbach, die mein Denken in Bezug auf Menschenbilder, Ethik und Pastoraltheologie f\u00f6rderten. (Willy Weber, Prof. Dr. Wilfried Haubeck, Wolfgang Thei\u00df und Prof. Dr. J\u00fcrgen van Oorschot u.a.).<\/div>\n<\/div>\n<div class=\"o9v6fnle cxmmr5t8 oygrvhab hcukyx3x c1et5uql ii04i59q\">\n<div dir=\"auto\">Meine ersten Ausbilder in der Klinisch\/Kirchlichen Seelsorge Fortbildung (KSA) Friedhelm Sticht und Erika Kochsiek, die meine beraterischen und analytischen Kompetenzen Ende der 90ziger Jahre, ersp\u00fcrten und st\u00e4rkten.<\/div>\n<div dir=\"auto\"><\/div>\n<\/div>\n<div class=\"o9v6fnle cxmmr5t8 oygrvhab hcukyx3x c1et5uql ii04i59q\">\n<div dir=\"auto\">Ebenso meine Mentoren Andreas M\u00fcller und Wilfried Weniger, die fast ein ganzes Jahrzehnt immer wieder ein offenes Ohr und viel Zeit f\u00fcr Begegnung erm\u00f6glichten. Ihr beiden habt viel aushalten m\u00fcssen.<\/div>\n<div dir=\"auto\"><\/div>\n<\/div>\n<div class=\"o9v6fnle cxmmr5t8 oygrvhab hcukyx3x c1et5uql ii04i59q\">\n<div dir=\"auto\">Meine Ausbilder, die mich in den vergangen zwanzig Jahren stetig ermutigt, herausgefordert und meinen Geist und meine Seele in therapeutisch und analytischen Weiterbildungsprozessen geformt und gesch\u00e4rft haben (Prof. Dr. Helmut Harsch, Holle und Birger Gooss, G\u00fcnter Hallstein, Tatsugen Ravi Welch).<\/div>\n<\/div>\n<div class=\"o9v6fnle cxmmr5t8 oygrvhab hcukyx3x c1et5uql ii04i59q\">\n<div dir=\"auto\"><\/div>\n<div dir=\"auto\">Eine Menge konnte ich auch entdecken und lernen von Autoren die mir auf meinem Weg begegnet sind:<\/div>\n<\/div>\n<div class=\"o9v6fnle cxmmr5t8 oygrvhab hcukyx3x c1et5uql ii04i59q\">\n<div dir=\"auto\">Erich Fromm, Max Frisch, Henry Miller, Hans K\u00fcng, Kurt L\u00fcckel, Meister Eckhart, Paul Zulehner, Henri J.M. Nouwen, Richard Rohr, Arno Gruen, Puma Ch\u00f6dr\u00f6m, Thomas Espedal, Hartmut Rosa, Jacques Derrida, Daniel Stern, Peter Fonagy, Peter Levin, Eric Berne, Leonard Schlegel.<\/div>\n<div dir=\"auto\"><\/div>\n<\/div>\n<div class=\"o9v6fnle cxmmr5t8 oygrvhab hcukyx3x c1et5uql ii04i59q\">\n<div dir=\"auto\">Und letztlich in jeder einzelnen Begegnung mit Klienten und Ausbildungskandidaten, Kolleginnen und Kollegen bin ich auf Unbekanntes und Neues getroffen und partizipiere bis heute von der Auseinandersetzung mit ihnen.<\/div>\n<div dir=\"auto\"><\/div>\n<\/div>\n<div class=\"o9v6fnle cxmmr5t8 oygrvhab hcukyx3x c1et5uql ii04i59q\">\n<div dir=\"auto\">Danke f\u00fcr Eure\/Deine Auseinandersetzungs-Bereitschaft!<\/div>\n<\/div>\n<div class=\"o9v6fnle cxmmr5t8 oygrvhab hcukyx3x c1et5uql ii04i59q\">\n<div dir=\"auto\"><\/div>\n<div dir=\"auto\">Wenn du mehr erfahren willst, schreib doch einfach ein paar Zeilen per Mail, ruf an oder h\u00f6re mal in unseren neuen Podcast &#8222;Beziehung &#8211; das Wagnis von N\u00e4he&#8220; rein.<\/div>\n<\/div>\n<div class=\"o9v6fnle cxmmr5t8 oygrvhab hcukyx3x c1et5uql ii04i59q\">\n<div dir=\"auto\"><\/div>\n<div dir=\"auto\">Ich freue mich auf Austausch mit dir und bin neugierig auf dich.<\/div>\n<\/div>\n","protected":false},"excerpt":{"rendered":"<p>EIN GANZER WERDEN &#8211; das wird einem in der Regel nicht in die Wiege gelegt. In der Auseinandersetzung mit sich selbst, dem Gegen\u00fcber und dem Leben entfaltet sich mein Sein. Heute leite ich ein Beratungsinstitut, unter anderem f\u00fcr existenzielle Lebensfragen, Traumasensible Beratung, Paartherapie, Selbstwirksamkeit und Ich-Entwicklung und bilde BeraterInnen und TransaktionsanalytikerInnen aus. Der Weg zu &hellip; <\/p>\n<p class=\"link-more\"><a href=\"https:\/\/blog.peterbremicker.com\/index.php\/uber-peter-bremicker\/\" class=\"more-link\"><span class=\"screen-reader-text\">\u201e\u00dcber den Autor\u201c<\/span> weiterlesen<\/a><\/p>\n","protected":false},"author":1,"featured_media":0,"parent":0,"menu_order":0,"comment_status":"closed","ping_status":"closed","template":"","meta":{"footnotes":""},"class_list":["post-7","page","type-page","status-publish","hentry"],"_links":{"self":[{"href":"https:\/\/blog.peterbremicker.com\/index.php\/wp-json\/wp\/v2\/pages\/7","targetHints":{"allow":["GET"]}}],"collection":[{"href":"https:\/\/blog.peterbremicker.com\/index.php\/wp-json\/wp\/v2\/pages"}],"about":[{"href":"https:\/\/blog.peterbremicker.com\/index.php\/wp-json\/wp\/v2\/types\/page"}],"author":[{"embeddable":true,"href":"https:\/\/blog.peterbremicker.com\/index.php\/wp-json\/wp\/v2\/users\/1"}],"replies":[{"embeddable":true,"href":"https:\/\/blog.peterbremicker.com\/index.php\/wp-json\/wp\/v2\/comments?post=7"}],"version-history":[{"count":34,"href":"https:\/\/blog.peterbremicker.com\/index.php\/wp-json\/wp\/v2\/pages\/7\/revisions"}],"predecessor-version":[{"id":474,"href":"https:\/\/blog.peterbremicker.com\/index.php\/wp-json\/wp\/v2\/pages\/7\/revisions\/474"}],"wp:attachment":[{"href":"https:\/\/blog.peterbremicker.com\/index.php\/wp-json\/wp\/v2\/media?parent=7"}],"curies":[{"name":"wp","href":"https:\/\/api.w.org\/{rel}","templated":true}]}}